{"id":3433,"date":"2021-03-22T23:45:18","date_gmt":"2021-03-22T23:45:18","guid":{"rendered":"http:\/\/tcmaevents.com\/NewSite\/?page_id=3433"},"modified":"2022-07-30T11:20:25","modified_gmt":"2022-07-30T19:20:25","slug":"subscribe","status":"publish","type":"page","link":"http:\/\/tcmaevents.com\/es\/subscribe\/","title":{"rendered":"Suscr\u00edbete a nuestro bolet\u00edn"},"content":{"rendered":"<div  class=\"tatsu-BJ-XBqveVu tatsu-section  tatsu-bg-overlay   tatsu-clearfix\" data-title=\"\"  data-headerscheme=\"background--dark\"><div class='tatsu-section-pad clearfix' data-padding='{\"d\":\"15px 0px 15px 0px\"}' data-padding-top='15px'><div class=\"tatsu-row-wrap  tatsu-wrap tatsu-row-one-col tatsu-row-has-one-cols tatsu-medium-gutter tatsu-reg-cols  tatsu-clearfix tatsu-HkeXBcPxNd\" ><div  class=\"tatsu-row\" ><div  class=\"tatsu-column  tatsu-bg-overlay tatsu-one-col tatsu-column-image-none tatsu-column-effect-none  tatsu-rkZLcwlE_\"  data-parallax-speed=\"0\" style=\"\"><div class=\"tatsu-column-inner\" ><div class=\"tatsu-column-pad-wrap\"><div class=\"tatsu-column-pad\" ><div  class=\"tatsu-module tatsu-text-block-wrap tatsu-SkUaeueEd\"><div class=\"tatsu-text-inner tatsu-align-center  clearfix\" ><style>.tatsu-SkUaeueEd.tatsu-text-block-wrap .tatsu-text-inner{width: 100%;text-align: left;}<\/style>\n<h3><strong>BOLET\u00cdN ELECTR\u00d3NICO<\/strong><\/h3>\n<\/div><\/div><\/div><\/div><div class = \"tatsu-column-bg-image-wrap\"><div class = \"tatsu-column-bg-image\" ><\/div><\/div><div class=\"tatsu-overlay tatsu-column-overlay tatsu-animate-none\" ><\/div><\/div><style>.tatsu-row > .tatsu-rkZLcwlE_.tatsu-column{width: 100%;}.tatsu-rkZLcwlE_.tatsu-column > .tatsu-column-inner > .tatsu-column-overlay{mix-blend-mode: normal;}.tatsu-rkZLcwlE_ > .tatsu-column-inner > .tatsu-top-divider{z-index: 9999;}.tatsu-rkZLcwlE_ > .tatsu-column-inner > .tatsu-bottom-divider{z-index: 9999;}.tatsu-rkZLcwlE_ > .tatsu-column-inner > .tatsu-left-divider{z-index: 9999;}.tatsu-rkZLcwlE_ > .tatsu-column-inner > .tatsu-right-divider{z-index: 9999;}@media only screen and (max-width:1377px) {.tatsu-row > .tatsu-rkZLcwlE_.tatsu-column{width: 100%;}}@media only screen and (min-width:768px) and (max-width: 1024px) {.tatsu-row > .tatsu-rkZLcwlE_.tatsu-column{width: 100%;}}@media only screen and (max-width: 767px) {.tatsu-row > .tatsu-rkZLcwlE_.tatsu-column{width: 100%;}}<\/style><\/div><\/div><\/div><\/div><div class=\"tatsu-section-background-wrap\"><div class = \"tatsu-section-background\" ><\/div><\/div><div class=\"tatsu-overlay tatsu-section-overlay\"><\/div><style>.tatsu-BJ-XBqveVu.tatsu-section{background-color: rgba(185,219,229,1);}.tatsu-BJ-XBqveVu .tatsu-section-pad{padding: 15px 0px 15px 0px;}.tatsu-BJ-XBqveVu .tatsu-section-offset-wrap{transform: translateY(-0px);}.tatsu-BJ-XBqveVu > .tatsu-bottom-divider{z-index: 9999;}.tatsu-BJ-XBqveVu > .tatsu-top-divider{z-index: 9999;}.tatsu-BJ-XBqveVu .tatsu-section-overlay{mix-blend-mode: normal;}<\/style><\/div><div  class=\"tatsu-r1-j3cDeNO tatsu-section  tatsu-bg-overlay   tatsu-clearfix\" data-title=\"\"  data-headerscheme=\"background--dark\"><div class='tatsu-section-pad clearfix' data-padding='{\"d\":\"45px 0px 15px 0px\"}' data-padding-top='45px'><div class=\"tatsu-row-wrap  tatsu-wrap tatsu-row-one-col tatsu-row-has-one-cols tatsu-medium-gutter tatsu-reg-cols  tatsu-clearfix tatsu-ryxsn5PlN_\" ><div  class=\"tatsu-row\" ><div  class=\"tatsu-column  tatsu-bg-overlay tatsu-one-col tatsu-column-image-none tatsu-column-effect-none  tatsu-H1ihqPg4d\"  data-parallax-speed=\"0\" style=\"\"><div class=\"tatsu-column-inner\" ><div class=\"tatsu-column-pad-wrap\"><div class=\"tatsu-column-pad\" ><div  class=\"tatsu-module tatsu-text-block-wrap tatsu-S1DSoPeE_\"><div class=\"tatsu-text-inner tatsu-align-center  clearfix\" ><style>.tatsu-S1DSoPeE_.tatsu-text-block-wrap .tatsu-text-inner{width: 100%;text-align: left;}<\/style>\n<p class=\"p1\">Mant\u00e9ngase informado sobre los eventos y noticias de la Asociaci\u00f3n de maratones de la ciudad de Tacoma suscribi\u00e9ndose a nuestro bolet\u00edn electr\u00f3nico con el siguiente enlace.<\/p>\n<\/div><\/div><\/div><\/div><div class = \"tatsu-column-bg-image-wrap\"><div class = \"tatsu-column-bg-image\" ><\/div><\/div><div class=\"tatsu-overlay tatsu-column-overlay tatsu-animate-none\" ><\/div><\/div><style>.tatsu-row > .tatsu-H1ihqPg4d.tatsu-column{width: 100%;}.tatsu-H1ihqPg4d.tatsu-column > .tatsu-column-inner > .tatsu-column-overlay{mix-blend-mode: normal;}.tatsu-H1ihqPg4d > .tatsu-column-inner > .tatsu-top-divider{z-index: 9999;}.tatsu-H1ihqPg4d > .tatsu-column-inner > .tatsu-bottom-divider{z-index: 9999;}.tatsu-H1ihqPg4d > .tatsu-column-inner > .tatsu-left-divider{z-index: 9999;}.tatsu-H1ihqPg4d > .tatsu-column-inner > .tatsu-right-divider{z-index: 9999;}@media only screen and (max-width:1377px) {.tatsu-row > .tatsu-H1ihqPg4d.tatsu-column{width: 100%;}}@media only screen and (min-width:768px) and (max-width: 1024px) {.tatsu-row > .tatsu-H1ihqPg4d.tatsu-column{width: 100%;}}@media only screen and (max-width: 767px) {.tatsu-row > .tatsu-H1ihqPg4d.tatsu-column{width: 100%;}}<\/style><\/div><\/div><\/div><\/div><div class=\"tatsu-section-background-wrap\"><div class = \"tatsu-section-background\" ><\/div><\/div><div class=\"tatsu-overlay tatsu-section-overlay\"><\/div><style>.tatsu-r1-j3cDeNO .tatsu-section-pad{padding: 45px 0px 15px 0px;}.tatsu-r1-j3cDeNO .tatsu-section-offset-wrap{transform: translateY(-0px);}.tatsu-r1-j3cDeNO > .tatsu-bottom-divider{z-index: 9999;}.tatsu-r1-j3cDeNO > .tatsu-top-divider{z-index: 9999;}.tatsu-r1-j3cDeNO .tatsu-section-overlay{mix-blend-mode: normal;}<\/style><\/div><div  class=\"tatsu-HJWB8no8VO tatsu-section  tatsu-bg-overlay   tatsu-clearfix\" data-title=\"\"  data-headerscheme=\"background--dark\"><div class='tatsu-section-pad clearfix' data-padding='{\"d\":\"15px 0px 45px 0px\"}' data-padding-top='15px'><div class=\"tatsu-row-wrap  tatsu-wrap tatsu-row-one-col tatsu-row-has-one-cols tatsu-medium-gutter tatsu-reg-cols  tatsu-clearfix tatsu-SJxrI2jL4d\" ><div  class=\"tatsu-row\" ><div  class=\"tatsu-column  tatsu-bg-overlay tatsu-one-col tatsu-column-image-none tatsu-column-effect-none  tatsu-ryrIhi84d\"  data-parallax-speed=\"0\" style=\"\"><div class=\"tatsu-column-inner\" ><div class=\"tatsu-column-pad-wrap\"><div class=\"tatsu-column-pad\" ><div  class=\"tatsu-module tatsu-normal-button tatsu-button-wrap   tatsu-S1xD2i8Eu\"><a class=\"tatsu-shortcode mediumbtn tatsu-button left-icon circular   bg-animation-none\" href=\"http:\/\/visitor.r20.constantcontact.com\/manage\/optin\/ea?v=001UtC3yXGV8FQwEtyl5FXIvXo1MUIdmzXqWEmQZWuJ_6md-2rjV436oVmpiviOV_1glcKou4hTqOk%3D\" style= \"\"  aria-label=\"SUSCR\u00cdBETE AL BOLET\u00cdN DE TCMA\" data-gdpr-atts=\"{}\" target=\"_blank\">SUSCR\u00cdBETE AL BOLET\u00cdN DE TCMA<\/a><style>.tatsu-S1xD2i8Eu .tatsu-button{background-color: rgba(0,114,151,1);color: #ffffff ;}<\/style><\/div><\/div><\/div><div class = \"tatsu-column-bg-image-wrap\"><div class = \"tatsu-column-bg-image\" ><\/div><\/div><div class=\"tatsu-overlay tatsu-column-overlay tatsu-animate-none\" ><\/div><\/div><style>.tatsu-row > .tatsu-ryrIhi84d.tatsu-column{width: 100%;}.tatsu-ryrIhi84d.tatsu-column > .tatsu-column-inner > .tatsu-column-overlay{mix-blend-mode: normal;}.tatsu-ryrIhi84d > .tatsu-column-inner > .tatsu-top-divider{z-index: 9999;}.tatsu-ryrIhi84d > .tatsu-column-inner > .tatsu-bottom-divider{z-index: 9999;}.tatsu-ryrIhi84d > .tatsu-column-inner > .tatsu-left-divider{z-index: 9999;}.tatsu-ryrIhi84d > .tatsu-column-inner > .tatsu-right-divider{z-index: 9999;}@media only screen and (max-width:1377px) {.tatsu-row > .tatsu-ryrIhi84d.tatsu-column{width: 100%;}}@media only screen and (min-width:768px) and (max-width: 1024px) {.tatsu-row > .tatsu-ryrIhi84d.tatsu-column{width: 100%;}}@media only screen and (max-width: 767px) {.tatsu-row > .tatsu-ryrIhi84d.tatsu-column{width: 100%;}}<\/style><\/div><\/div><\/div><\/div><div class=\"tatsu-section-background-wrap\"><div class = \"tatsu-section-background\" ><\/div><\/div><div class=\"tatsu-overlay tatsu-section-overlay\"><\/div><style>.tatsu-HJWB8no8VO .tatsu-section-pad{padding: 15px 0px 45px 0px;}.tatsu-HJWB8no8VO .tatsu-section-offset-wrap{transform: translateY(-0px);}.tatsu-HJWB8no8VO > .tatsu-bottom-divider{z-index: 9999;}.tatsu-HJWB8no8VO > .tatsu-top-divider{z-index: 9999;}.tatsu-HJWB8no8VO .tatsu-section-overlay{mix-blend-mode: normal;}<\/style><\/div>","protected":false},"excerpt":{"rendered":"<p><a href=\"http:\/\/tcmaevents.com\/es\/subscribe\/\" class=\"more-link style3-button\">Lee mas<\/a><\/p>","protected":false},"author":1,"featured_media":0,"parent":0,"menu_order":0,"comment_status":"closed","ping_status":"closed","template":"","meta":{"footnotes":""},"class_list":["post-3433","page","type-page","status-publish","hentry"],"_links":{"self":[{"href":"http:\/\/tcmaevents.com\/es\/wp-json\/wp\/v2\/pages\/3433","targetHints":{"allow":["GET"]}}],"collection":[{"href":"http:\/\/tcmaevents.com\/es\/wp-json\/wp\/v2\/pages"}],"about":[{"href":"http:\/\/tcmaevents.com\/es\/wp-json\/wp\/v2\/types\/page"}],"author":[{"embeddable":true,"href":"http:\/\/tcmaevents.com\/es\/wp-json\/wp\/v2\/users\/1"}],"replies":[{"embeddable":true,"href":"http:\/\/tcmaevents.com\/es\/wp-json\/wp\/v2\/comments?post=3433"}],"version-history":[{"count":11,"href":"http:\/\/tcmaevents.com\/es\/wp-json\/wp\/v2\/pages\/3433\/revisions"}],"predecessor-version":[{"id":6069,"href":"http:\/\/tcmaevents.com\/es\/wp-json\/wp\/v2\/pages\/3433\/revisions\/6069"}],"wp:attachment":[{"href":"http:\/\/tcmaevents.com\/es\/wp-json\/wp\/v2\/media?parent=3433"}],"curies":[{"name":"wp","href":"https:\/\/api.w.org\/{rel}","templated":true}]}}