{"id":3421,"date":"2021-03-22T23:32:25","date_gmt":"2021-03-22T23:32:25","guid":{"rendered":"http:\/\/tcmaevents.com\/NewSite\/?page_id=3421"},"modified":"2024-02-10T13:52:32","modified_gmt":"2024-02-10T21:52:32","slug":"vendors","status":"publish","type":"page","link":"https:\/\/tcmaevents.com\/es\/vendors\/","title":{"rendered":"Informacion del proveedor"},"content":{"rendered":"<div  class=\"tatsu-h1zrszbskeg2w66g tatsu-section  tatsu-bg-overlay   tatsu-clearfix\" data-title=\"\"  data-headerscheme=\"background--dark\"><div class='tatsu-section-pad clearfix' data-padding='{\"d\":\"35px 0px 35px 0px\"}' data-padding-top='35px'><div class=\"tatsu-row-wrap  tatsu-row-full-width tatsu-row-one-col tatsu-row-has-one-cols tatsu-medium-gutter tatsu-reg-cols  tatsu-clearfix tatsu-h1zrszbsoe6gqmnn\" ><div  class=\"tatsu-row\" ><div  class=\"tatsu-column  tatsu-bg-overlay tatsu-one-col tatsu-column-image-none tatsu-column-effect-none  tatsu-h1zrszbsugegpfs4\"  data-parallax-speed=\"0\" style=\"\"><div class=\"tatsu-column-inner\" ><div class=\"tatsu-column-pad-wrap\"><div class=\"tatsu-column-pad\" ><div  class=\"tatsu-module tatsu-inline-text clearfix tatsu-h1zrszbsycdq6t1i\" ><style>.tatsu-h1zrszbsycdq6t1i .tatsu-inline-text-inner{width: 100%;text-align: left;padding: 30px 0px 0px 0px;}.tatsu-h1zrszbsycdq6t1i.tatsu-inline-text{margin: 0px 0px 0px 0px;}@media only screen and (max-width: 767px) {.tatsu-h1zrszbsycdq6t1i .tatsu-inline-text-inner{width: 100%;}}<\/style><div class=\"tatsu-inline-text-inner tatsu-align-center\">\n<h4><span class=\"swatch-white\"><strong>INFORMACION DEL PROVEEDOR<\/strong><\/span><\/h4>\n<\/div><\/div><div  class=\"tatsu-module tatsu-inline-text clearfix tatsu-h1zrszbt0q9euf4j\" ><style>.tatsu-h1zrszbt0q9euf4j .tatsu-inline-text-inner{width: 100%;text-align: left;padding: 0px 0px 30px 0px;}.tatsu-h1zrszbt0q9euf4j.tatsu-inline-text{margin: 0px 0px 0px 0px;}@media only screen and (max-width: 767px) {.tatsu-h1zrszbt0q9euf4j .tatsu-inline-text-inner{width: 100%;}.tatsu-h1zrszbt0q9euf4j.tatsu-inline-text{margin: 0px 0px 10px 0px;}}<\/style><div class=\"tatsu-inline-text-inner tatsu-align-center\">\n<h5><span style=\"color: #b9dbe5;\"><strong>ALOJAR UN STAND DE VENDEDOR<\/strong><\/span><\/h5>\n<\/div><\/div><\/div><\/div><div class = \"tatsu-column-bg-image-wrap\"><div class = \"tatsu-column-bg-image\" ><\/div><\/div><div class=\"tatsu-overlay tatsu-column-overlay tatsu-animate-none\" ><\/div><\/div><style>.tatsu-row > .tatsu-h1zrszbsugegpfs4.tatsu-column{width: 100%;}.tatsu-h1zrszbsugegpfs4.tatsu-column{margin: 0px 0px 0px 50px !important;}.tatsu-h1zrszbsugegpfs4.tatsu-column > .tatsu-column-inner > .tatsu-column-overlay{mix-blend-mode: normal;}.tatsu-h1zrszbsugegpfs4 > .tatsu-column-inner > .tatsu-top-divider{z-index: 9999;}.tatsu-h1zrszbsugegpfs4 > .tatsu-column-inner > .tatsu-bottom-divider{z-index: 9999;}.tatsu-h1zrszbsugegpfs4 > .tatsu-column-inner > .tatsu-left-divider{z-index: 9999;}.tatsu-h1zrszbsugegpfs4 > .tatsu-column-inner > .tatsu-right-divider{z-index: 9999;}@media only screen and (max-width:1377px) {.tatsu-row > .tatsu-h1zrszbsugegpfs4.tatsu-column{width: 100%;}}@media only screen and (min-width:768px) and (max-width: 1024px) {.tatsu-row > .tatsu-h1zrszbsugegpfs4.tatsu-column{width: 100%;}}@media only screen and (max-width: 767px) {.tatsu-row > .tatsu-h1zrszbsugegpfs4.tatsu-column{width: 100%;}.tatsu-h1zrszbsugegpfs4.tatsu-column{margin: 0px 0px 0px 20px !important;}}<\/style><\/div><\/div><\/div><\/div><div class=\"tatsu-section-background-wrap\"><div class = \"tatsu-section-background\" ><\/div><\/div><div class=\"tatsu-overlay tatsu-section-overlay\"><\/div><style>.tatsu-h1zrszbskeg2w66g.tatsu-section{background-color: rgba(50,62,72,1);}.tatsu-h1zrszbskeg2w66g .tatsu-section-pad{padding: 35px 0px 35px 0px;}.tatsu-h1zrszbskeg2w66g .tatsu-section-offset-wrap{transform: translateY(-0px);}.tatsu-h1zrszbskeg2w66g > .tatsu-bottom-divider{z-index: 9999;}.tatsu-h1zrszbskeg2w66g > .tatsu-top-divider{z-index: 9999;}.tatsu-h1zrszbskeg2w66g .tatsu-section-overlay{mix-blend-mode: normal;}<\/style><\/div><div  class=\"tatsu-h1zrszbt592k5mow tatsu-section    tatsu-clearfix\" data-title=\"\"  data-headerscheme=\"background--dark\"><div class='tatsu-section-pad clearfix' data-padding='{\"d\":\"45px 0px 45px 0px\"}' data-padding-top='45px'><div class=\"tatsu-row-wrap  tatsu-row-full-width tatsu-row-one-col tatsu-row-has-one-cols tatsu-medium-gutter tatsu-reg-cols  tatsu-clearfix tatsu-h1zrszbt9dge54pf\" ><div  class=\"tatsu-row\" ><div  class=\"tatsu-column  tatsu-column-no-bg tatsu-one-col tatsu-column-image-none tatsu-column-effect-none  tatsu-h1zrszbteufekcba\"  data-parallax-speed=\"0\" style=\"\"><div class=\"tatsu-column-inner\" ><div class=\"tatsu-column-pad-wrap\"><div class=\"tatsu-column-pad\" ><div  class=\"tatsu-module tatsu-inline-text clearfix tatsu-h1zrszbtjr8z4kzj\" ><style>.tatsu-h1zrszbtjr8z4kzj .tatsu-inline-text-inner{width: 100%;text-align: center;padding: 30px 0px 30px 0px;}.tatsu-h1zrszbtjr8z4kzj.tatsu-inline-text{margin: 0px 50px 0px 50px;}@media only screen and (max-width:1377px) {.tatsu-h1zrszbtjr8z4kzj.tatsu-inline-text{margin: 0px 50px 0px 50px;}}@media only screen and (max-width: 767px) {.tatsu-h1zrszbtjr8z4kzj.tatsu-inline-text{margin: 0px 20px 0px 20px;}}<\/style><div class=\"tatsu-inline-text-inner tatsu-align-center\">\n<h6 style=\"background-color: #ffffff; letter-spacing: normal;\"><strong style=\"letter-spacing: 0px; font-size: 22px; background-color: #ffffff; text-align: center;\">\u00a1Trae tu producto o servicio a nuestro pr\u00f3ximo evento!<\/strong><span style=\"letter-spacing: 0px; font-size: 22px; text-align: center; background-color: #ffffff;\"> Ver y ser visto por todos los corredores! Si desea obtener m\u00e1s informaci\u00f3n sobre el espacio de stand de proveedores disponible en nuestro pr\u00f3ximo evento, por favor <\/span><a href=\"mailto:info@tcmaevents.com\" target=\"_blank\" rel=\"noopener\"><strong style=\"letter-spacing: 0px; font-size: 22px; background-color: #ffffff; text-align: center;\">Cont\u00e1ctenos<\/strong><\/a><span style=\"letter-spacing: 0px; font-size: 22px; text-align: center; background-color: #ffffff;\">.<\/span><\/h6>\n<\/div><\/div><\/div><\/div><div class = \"tatsu-column-bg-image-wrap\"><div class = \"tatsu-column-bg-image\" ><\/div><\/div><\/div><style>.tatsu-row > .tatsu-h1zrszbteufekcba.tatsu-column{width: 100%;}.tatsu-h1zrszbteufekcba.tatsu-column > .tatsu-column-inner > .tatsu-column-overlay{mix-blend-mode: none;}.tatsu-h1zrszbteufekcba > .tatsu-column-inner > .tatsu-top-divider{z-index: 9999;}.tatsu-h1zrszbteufekcba > .tatsu-column-inner > .tatsu-bottom-divider{z-index: 9999;}.tatsu-h1zrszbteufekcba > .tatsu-column-inner > .tatsu-left-divider{z-index: 9999;}.tatsu-h1zrszbteufekcba > .tatsu-column-inner > .tatsu-right-divider{z-index: 9999;}<\/style><\/div><\/div><\/div><\/div><div class=\"tatsu-section-background-wrap\"><div class = \"tatsu-section-background\" ><\/div><\/div><style>.tatsu-h1zrszbt592k5mow .tatsu-section-pad{padding: 45px 0px 45px 0px;}.tatsu-h1zrszbt592k5mow > .tatsu-bottom-divider{z-index: 9999;}.tatsu-h1zrszbt592k5mow > .tatsu-top-divider{z-index: 9999;}<\/style><\/div><div  class=\"tatsu-h1zrszbqmmfeqpa8 tatsu-section    tatsu-clearfix\" data-title=\"\"  data-headerscheme=\"background--dark\"><div class='tatsu-section-pad clearfix' data-padding='{\"d\":\"0px 0px 0px 0px\"}' data-padding-top='0px'><div class=\"tatsu-row-wrap  tatsu-row-full-width tatsu-row-has-one-half tatsu-row-has-two-cols tatsu-zero-margin tatsu-no-gutter tatsu-eq-cols tatsu-swap-cols  tatsu-clearfix tatsu-h1zrszbqst4mwdwf\" ><div  class=\"tatsu-row\" ><div  class=\"tatsu-column  tatsu-bg-overlay tatsu-one-half tatsu-column-align-middle tatsu-column-image-none tatsu-column-effect-none  tatsu-h1zrszbqzy9zaprn\"  data-parallax-speed=\"0\" style=\"\"><div class=\"tatsu-column-inner\" ><div class=\"tatsu-column-pad-wrap\"><div class=\"tatsu-column-pad\" ><div  class=\"tatsu-module tatsu-text-block-wrap tatsu-h1zrszbr3zbkxrcl\"><div class=\"tatsu-text-inner tatsu-align-center tatsu-animate clearfix\" data-animation=\"fadeInUp\"  ><style>.tatsu-h1zrszbr3zbkxrcl.tatsu-text-block-wrap .tatsu-text-inner{text-align: left;}@media only screen and (max-width:1377px) {.tatsu-h1zrszbr3zbkxrcl.tatsu-text-block-wrap .tatsu-text-inner{padding: 35px 0px 35px 0px;}}@media only screen and (min-width:768px) and (max-width: 1024px) {.tatsu-h1zrszbr3zbkxrcl.tatsu-text-block-wrap .tatsu-text-inner{padding: 35px 0px 35px 0px;}}@media only screen and (max-width: 767px) {.tatsu-h1zrszbr3zbkxrcl.tatsu-text-block-wrap{margin: 0px 0px 30px 0px;}.tatsu-h1zrszbr3zbkxrcl.tatsu-text-block-wrap .tatsu-text-inner{padding: 35px 0px 35px 0px;}}<\/style>\n<h4 style=\"text-align: center;\">2024 UPCOMING EVENTS<\/h4>\n<p style=\"text-align: center;\"><strong><a href=\"https:\/\/tcmaevents.com\/es\/st-paddys-day-run-tacoma\/\" target=\"_blank\" rel=\"noopener\">Carrera del d\u00eda de San Paddy en Tacoma <\/a>|<\/strong><span class=\"palette-2\"> March 16th<br \/><strong>Half Marathon, 10K &#038; 5K<\/strong><\/span><\/p>\n<p style=\"text-align: center;\"><strong><a href=\"https:\/\/tcmaevents.com\/es\/tacoma-city-marathon\/\" target=\"_blank\" rel=\"noopener\">Ghost of Tacoma City Marathon <\/a><\/strong><span class=\"palette-2\">| April 27th<br \/><strong>Marathon, Half Marathon &#038; 5K<\/strong><br \/><\/span><\/p>\n<p style=\"text-align: center;\"><strong><a href=\"https:\/\/tcmaevents.com\/es\/tacoma-city-marathon\/\" target=\"_blank\" rel=\"noopener\">Marat\u00f3n de la ciudad de Tacoma <\/a><\/strong><span class=\"palette-2\">| April 28th<\/span><span class=\"palette-2\"><br \/><strong>Marat\u00f3n y Media Marat\u00f3n<\/strong><\/span><\/p>\n<p style=\"text-align: center;\"><a href=\"https:\/\/tcmaevents.com\/es\/independence-day-5k\/\" target=\"_blank\" rel=\"noopener\"><strong>D\u00eda de la Independencia 5K<\/strong><\/a> <span class=\"palette-2\">| July 4th<br \/><strong>5K &#038; Kids Run<\/strong><\/span><\/p>\n<p style=\"text-align: center;\"><strong><a href=\"https:\/\/tcmaevents.com\/es\/twisted-cider-5k\/\" target=\"_blank\" rel=\"noopener\">Sidra torcida 5K<\/a><\/strong><span class=\"palette-2\"> | July 27th<br \/><strong>5K &#038; Kids Run<\/strong><\/span><\/p>\n<p style=\"text-align: center;\"><strong><a href=\"https:\/\/tcmaevents.com\/es\/tacoma-narrows-half\/\" target=\"_blank\" rel=\"noopener\">Medio marat\u00f3n de Tacoma Narrows<\/a><\/strong><span class=\"palette-2\"> | August 10th<br \/><strong>Half Marathon &#038; 5K<\/strong><\/span><\/p>\n<p style=\"text-align: center;\"><strong><a href=\"https:\/\/tcmaevents.com\/es\/mud-mountain-marathon-fall\/\" target=\"_blank\" rel=\"noopener\">Mud Mountain Half Marathon<\/a> <\/strong><span class=\"palette-2\">| September 21st<br \/><strong>Half Marathon &#038; 5K<\/strong><\/span><\/p>\n<p style=\"text-align: center;\"><strong><a href=\"https:\/\/tcmaevents.com\/es\/defiance-50k\/\" target=\"_blank\" rel=\"noopener\">Desaf\u00edo 50K<\/a><\/strong><span class=\"palette-2\"> | October 12th<br \/><strong>50K, 30K &#038; 15K<\/strong><\/span><\/p>\n<p style=\"text-align: center;\"><strong><a href=\"https:\/\/tcmaevents.com\/es\/wicked-fast\/\" target=\"_blank\" rel=\"noopener\">Malvado R\u00e1pido 5K<\/a> <\/strong><span class=\"palette-2\"><strong>| <\/strong>October 26th<br \/><strong>5K &#038; Kids Run<\/strong><\/span><\/p>\n<p style=\"text-align: center;\"><strong><a href=\"https:\/\/tcmaevents.com\/es\/turkey-trot\/\" target=\"_blank\" rel=\"noopener\">Trote de pavo de la ciudad de Tacoma<\/a> <\/strong><span class=\"palette-2\">| November 28th<br \/><strong>5K &#038; Kids Run<\/strong><\/span><\/p>\n<p style=\"text-align: center;\"><a href=\"https:\/\/tcmaevents.com\/es\/santa-runs-tacoma\/\" target=\"_blank\" rel=\"noopener\"><strong>santa corre tacoma<\/strong><\/a><span class=\"palette-2\"> | December 14th<br \/><strong>Half Marathon, 10K &#038; 5K<\/strong><\/span><\/p>\n<\/div><\/div><\/div><\/div><div class = \"tatsu-column-bg-image-wrap\"><div class = \"tatsu-column-bg-image\" ><\/div><\/div><div class=\"tatsu-overlay tatsu-column-overlay tatsu-animate-hide\" ><\/div><\/div><style>.tatsu-row > .tatsu-h1zrszbqzy9zaprn.tatsu-column{width: 50%;}.tatsu-h1zrszbqzy9zaprn.tatsu-column > .tatsu-column-inner{background-color: #f6f6f6;}.tatsu-h1zrszbqzy9zaprn.tatsu-column > .tatsu-column-inner > .tatsu-column-pad-wrap > .tatsu-column-pad{padding: 0% 10% 0% 10%;}.tatsu-h1zrszbqzy9zaprn.tatsu-column{margin: 0 0 0px 0 !important;}.tatsu-h1zrszbqzy9zaprn.tatsu-column > .tatsu-column-inner > .tatsu-column-overlay{background: rgba(230,230,230,1);mix-blend-mode: normal;}.tatsu-h1zrszbqzy9zaprn > .tatsu-column-inner > .tatsu-top-divider{z-index: 9999;}.tatsu-h1zrszbqzy9zaprn > .tatsu-column-inner > .tatsu-bottom-divider{z-index: 9999;}.tatsu-h1zrszbqzy9zaprn > .tatsu-column-inner > .tatsu-left-divider{z-index: 9999;}.tatsu-h1zrszbqzy9zaprn > .tatsu-column-inner > .tatsu-right-divider{z-index: 9999;}@media only screen and (max-width:1377px) {.tatsu-row > .tatsu-h1zrszbqzy9zaprn.tatsu-column{width: 50%;}}@media only screen and (min-width:768px) and (max-width: 1024px) {.tatsu-row > .tatsu-h1zrszbqzy9zaprn.tatsu-column{width: 50%;}}@media only screen and (max-width: 767px) {.tatsu-row > .tatsu-h1zrszbqzy9zaprn.tatsu-column{width: 100%;}}<\/style><\/div><div  class=\"tatsu-column  tatsu-bg-overlay tatsu-one-half tatsu-column-align-middle tatsu-column-image-none tatsu-column-effect-none  tatsu-h1zrszbscrbqmbv0\"  data-parallax-speed=\"0\" style=\"\"><div class=\"tatsu-column-inner\" ><div class=\"tatsu-column-pad-wrap\"><div class=\"tatsu-column-pad\" ><div  class=\"tatsu-single-image tatsu-module align-center tatsu-image-lazyload tatsu-h1zrszbshp13mqte\" ><div class=\"tatsu-single-image-inner\" style=\"width : 750px;\" ><div class = \"tatsu-single-image-padding-wrap\" style = \"padding-bottom : 100%;\" ><\/div><img class = \"tatsu-gradient-border\" alt = \"\" title = \"\" data-src = \"https:\/\/tcmaevents.com\/wp-content\/uploads\/2022\/05\/TCM_2022_Finish-Misc_0059-1.jpg\" src =\"data:image\/png;base64,iVBORw0KGgoAAAANSUhEUgAAAAEAAAABCAQAAAC1HAwCAAAAC0lEQVR42mNkYAAAAAYAAjCB0C8AAAAASUVORK5CYII=\"  \/><\/div><style>.tatsu-h1zrszbshp13mqte{margin: 0 0px 0 0;padding: 75px 30px 75px 30px;}.tatsu-h1zrszbshp13mqte .tatsu-single-image-inner{border-style: solid;max-width: 70%;}.tatsu-h1zrszbshp13mqte.tatsu-single-image{transform: translate3d(0px,0px, 0);}@media only screen and (max-width: 767px) {.tatsu-h1zrszbshp13mqte .tatsu-single-image-inner{max-width: 100%;}}<\/style><\/div><\/div><\/div><div class = \"tatsu-column-bg-image-wrap\"><div class = \"tatsu-column-bg-image\" ><\/div><\/div><div class=\"tatsu-overlay tatsu-column-overlay tatsu-animate-hide\" ><\/div><\/div><style>.tatsu-row > .tatsu-h1zrszbscrbqmbv0.tatsu-column{width: 50%;}.tatsu-h1zrszbscrbqmbv0.tatsu-column > .tatsu-column-inner{background-color: rgba(250,250,250,1);}.tatsu-h1zrszbscrbqmbv0.tatsu-column > .tatsu-column-inner > .tatsu-column-pad-wrap > .tatsu-column-pad{padding: 0% 0% 0% 0%;}.tatsu-h1zrszbscrbqmbv0.tatsu-column{margin: 0 0 0px 0 !important;}.tatsu-h1zrszbscrbqmbv0.tatsu-column > .tatsu-column-inner > .tatsu-column-overlay{background: rgba(239,239,239,1);mix-blend-mode: normal;}.tatsu-h1zrszbscrbqmbv0 > .tatsu-column-inner > .tatsu-top-divider{z-index: 9999;}.tatsu-h1zrszbscrbqmbv0 > .tatsu-column-inner > .tatsu-bottom-divider{z-index: 9999;}.tatsu-h1zrszbscrbqmbv0 > .tatsu-column-inner > .tatsu-left-divider{z-index: 9999;}.tatsu-h1zrszbscrbqmbv0 > .tatsu-column-inner > .tatsu-right-divider{z-index: 9999;}@media only screen and (max-width:1377px) {.tatsu-row > .tatsu-h1zrszbscrbqmbv0.tatsu-column{width: 50%;}}@media only screen and (min-width:768px) and (max-width: 1024px) {.tatsu-row > .tatsu-h1zrszbscrbqmbv0.tatsu-column{width: 50%;}}@media only screen and (max-width: 767px) {.tatsu-row > .tatsu-h1zrszbscrbqmbv0.tatsu-column{width: 100%;}}<\/style><\/div><\/div><\/div><\/div><div class=\"tatsu-section-background-wrap\"><div class = \"tatsu-section-background\" ><\/div><\/div><style>.tatsu-h1zrszbqmmfeqpa8{border-width: 0px 0px px 0px;border-style: solid;}.tatsu-h1zrszbqmmfeqpa8 > .tatsu-bottom-divider{z-index: 9999;}.tatsu-h1zrszbqmmfeqpa8 > .tatsu-top-divider{z-index: 9999;}<\/style><\/div><div  class=\"tatsu-h1zrszbto0b2o5ui tatsu-section    tatsu-clearfix\" data-title=\"\"  data-headerscheme=\"background--dark\"><div class='tatsu-section-pad clearfix' data-padding='{\"d\":\"35px 0px 35px 0px\"}' data-padding-top='35px'><div class=\"tatsu-row-wrap  tatsu-row-full-width tatsu-row-one-col tatsu-row-has-one-cols tatsu-medium-gutter tatsu-reg-cols  tatsu-clearfix tatsu-h1zrszbtscbqfapx\" ><div  class=\"tatsu-row\" ><div  class=\"tatsu-column  tatsu-column-no-bg tatsu-one-col tatsu-column-image-none tatsu-column-effect-none  tatsu-h1zrszbtyw7o5z6o\"  data-parallax-speed=\"0\" style=\"\"><div class=\"tatsu-column-inner\" ><div class=\"tatsu-column-pad-wrap\"><div class=\"tatsu-column-pad\" ><div  class=\"tatsu-module tatsu-call-to-action tatsu-clearfix  tatsu-h1zrszbu387luare\" ><div class=\"tatsu-cta-inner\"><h3 class=\"tatsu-action-content\" >\u00bfInteresado en convertirse en un vendedor?<\/h3><a class=\"mediumbtn tatsu-button rounded tatsu-action-button\" href=\"mailto:info@tcmaevents.com\" data-gdpr-atts=\"{}\" target=\"_blank\"><span>SOLICITE UNA SOLICITUD DE VENDEDOR<\/span><\/a><style>.tatsu-h1zrszbu387luare .tatsu-action-content{color: #ffffff ;}.tatsu-h1zrszbu387luare .tatsu-action-button{background: rgba(171,25,45,1);border-color: #ffffff; }.tatsu-h1zrszbu387luare .tatsu-action-button:hover{background: rgba(255,255,255,1);border-color: #ffffff; }.tatsu-h1zrszbu387luare .tatsu-action-button span{color: #ffffff ;}.tatsu-h1zrszbu387luare .tatsu-action-button:hover span{color: rgba(171,25,45,1) ;}.tatsu-h1zrszbu387luare{margin: 0 0 0px 0;padding: 0 0 0px 0;}<\/style><\/div><\/div><\/div><\/div><div class = \"tatsu-column-bg-image-wrap\"><div class = \"tatsu-column-bg-image\" ><\/div><\/div><\/div><style>.tatsu-row > .tatsu-h1zrszbtyw7o5z6o.tatsu-column{width: 100%;}.tatsu-h1zrszbtyw7o5z6o.tatsu-column > .tatsu-column-inner > .tatsu-column-overlay{mix-blend-mode: none;}.tatsu-h1zrszbtyw7o5z6o > .tatsu-column-inner > .tatsu-top-divider{z-index: 9999;}.tatsu-h1zrszbtyw7o5z6o > .tatsu-column-inner > .tatsu-bottom-divider{z-index: 9999;}.tatsu-h1zrszbtyw7o5z6o > .tatsu-column-inner > .tatsu-left-divider{z-index: 9999;}.tatsu-h1zrszbtyw7o5z6o > .tatsu-column-inner > .tatsu-right-divider{z-index: 9999;}@media only screen and (max-width: 767px) {.tatsu-h1zrszbtyw7o5z6o.tatsu-column{margin: 0 0 0px 0 !important;}}<\/style><\/div><\/div><\/div><\/div><div class=\"tatsu-section-background-wrap\"><div class = \"tatsu-section-background\" ><\/div><\/div><style>.tatsu-h1zrszbto0b2o5ui.tatsu-section{background-color: rgba(0,114,151,1);}.tatsu-h1zrszbto0b2o5ui .tatsu-section-pad{padding: 35px 0px 35px 0px;}.tatsu-h1zrszbto0b2o5ui > .tatsu-bottom-divider{z-index: 9999;}.tatsu-h1zrszbto0b2o5ui > .tatsu-top-divider{z-index: 9999;}<\/style><\/div>","protected":false},"excerpt":{"rendered":"<p><a href=\"https:\/\/tcmaevents.com\/es\/vendors\/\" class=\"more-link style3-button\">Lee mas<\/a><\/p>","protected":false},"author":1,"featured_media":0,"parent":0,"menu_order":0,"comment_status":"closed","ping_status":"closed","template":"","meta":{"footnotes":""},"class_list":["post-3421","page","type-page","status-publish","hentry"],"_links":{"self":[{"href":"https:\/\/tcmaevents.com\/es\/wp-json\/wp\/v2\/pages\/3421","targetHints":{"allow":["GET"]}}],"collection":[{"href":"https:\/\/tcmaevents.com\/es\/wp-json\/wp\/v2\/pages"}],"about":[{"href":"https:\/\/tcmaevents.com\/es\/wp-json\/wp\/v2\/types\/page"}],"author":[{"embeddable":true,"href":"https:\/\/tcmaevents.com\/es\/wp-json\/wp\/v2\/users\/1"}],"replies":[{"embeddable":true,"href":"https:\/\/tcmaevents.com\/es\/wp-json\/wp\/v2\/comments?post=3421"}],"version-history":[{"count":32,"href":"https:\/\/tcmaevents.com\/es\/wp-json\/wp\/v2\/pages\/3421\/revisions"}],"predecessor-version":[{"id":7460,"href":"https:\/\/tcmaevents.com\/es\/wp-json\/wp\/v2\/pages\/3421\/revisions\/7460"}],"wp:attachment":[{"href":"https:\/\/tcmaevents.com\/es\/wp-json\/wp\/v2\/media?parent=3421"}],"curies":[{"name":"wp","href":"https:\/\/api.w.org\/{rel}","templated":true}]}}